{"id":237,"date":"2024-03-04T12:04:56","date_gmt":"2024-03-04T12:04:56","guid":{"rendered":"https:\/\/xn--zkan-4qa.av.tr\/?page_id=237"},"modified":"2024-03-20T10:07:13","modified_gmt":"2024-03-20T10:07:13","slug":"iletisim","status":"publish","type":"page","link":"https:\/\/xn--zkan-4qa.av.tr\/index.php\/iletisim\/","title":{"rendered":"\u0130leti\u015fim"},"content":{"rendered":"\t\t<div data-elementor-type=\"wp-page\" data-elementor-id=\"237\" class=\"elementor elementor-237\">\n\t\t\t\t\t\t<section class=\"elementor-section elementor-top-section elementor-element elementor-element-202e59ba elementor-section-height-min-height elementor-section-boxed elementor-section-height-default elementor-section-items-middle\" data-id=\"202e59ba\" data-element_type=\"section\" data-settings=\"{&quot;background_background&quot;:&quot;classic&quot;}\">\n\t\t\t\t\t\t\t<div class=\"elementor-background-overlay\"><\/div>\n\t\t\t\t\t\t\t<div class=\"elementor-container elementor-column-gap-no\">\n\t\t\t\t\t<div class=\"elementor-column elementor-col-100 elementor-top-column elementor-element elementor-element-37c23774\" data-id=\"37c23774\" data-element_type=\"column\" data-settings=\"{&quot;background_background&quot;:&quot;classic&quot;}\">\n\t\t\t<div class=\"elementor-widget-wrap elementor-element-populated\">\n\t\t\t\t\t\t<div class=\"elementor-element elementor-element-3a472af9 elementor-invisible elementor-widget elementor-widget-heading\" data-id=\"3a472af9\" data-element_type=\"widget\" data-settings=\"{&quot;_animation&quot;:&quot;fadeInDown&quot;}\" data-widget_type=\"heading.default\">\n\t\t\t\t<div class=\"elementor-widget-container\">\n\t\t\t<style>\/*! elementor - v3.19.0 - 28-02-2024 *\/\n.elementor-heading-title{padding:0;margin:0;line-height:1}.elementor-widget-heading .elementor-heading-title[class*=elementor-size-]>a{color:inherit;font-size:inherit;line-height:inherit}.elementor-widget-heading .elementor-heading-title.elementor-size-small{font-size:15px}.elementor-widget-heading .elementor-heading-title.elementor-size-medium{font-size:19px}.elementor-widget-heading .elementor-heading-title.elementor-size-large{font-size:29px}.elementor-widget-heading .elementor-heading-title.elementor-size-xl{font-size:39px}.elementor-widget-heading .elementor-heading-title.elementor-size-xxl{font-size:59px}<\/style><h1 class=\"elementor-heading-title elementor-size-default\">\u0130leit\u015fim<\/h1>\t\t<\/div>\n\t\t\t\t<\/div>\n\t\t\t\t<div class=\"elementor-element elementor-element-50e3d3fc elementor-invisible elementor-widget elementor-widget-text-editor\" data-id=\"50e3d3fc\" data-element_type=\"widget\" data-settings=\"{&quot;_animation&quot;:&quot;fadeIn&quot;,&quot;_animation_delay&quot;:600}\" data-widget_type=\"text-editor.default\">\n\t\t\t\t<div class=\"elementor-widget-container\">\n\t\t\t<style>\/*! elementor - v3.19.0 - 28-02-2024 *\/\n.elementor-widget-text-editor.elementor-drop-cap-view-stacked .elementor-drop-cap{background-color:#69727d;color:#fff}.elementor-widget-text-editor.elementor-drop-cap-view-framed .elementor-drop-cap{color:#69727d;border:3px solid;background-color:transparent}.elementor-widget-text-editor:not(.elementor-drop-cap-view-default) .elementor-drop-cap{margin-top:8px}.elementor-widget-text-editor:not(.elementor-drop-cap-view-default) .elementor-drop-cap-letter{width:1em;height:1em}.elementor-widget-text-editor .elementor-drop-cap{float:left;text-align:center;line-height:1;font-size:50px}.elementor-widget-text-editor .elementor-drop-cap-letter{display:inline-block}<\/style>\t\t\t\t<p>Ekibimiz, kendi alanlar\u0131nda deneyimleri y\u00fcksek, geli\u015fmeye a\u00e7\u0131k bir kadrodan olu\u015fmaktad\u0131r.<\/p>\t\t\t\t\t\t<\/div>\n\t\t\t\t<\/div>\n\t\t\t\t\t<\/div>\n\t\t<\/div>\n\t\t\t\t\t<\/div>\n\t\t<\/section>\n\t\t\t\t<section class=\"elementor-section elementor-top-section elementor-element elementor-element-6e7a1863 elementor-section-boxed elementor-section-height-default elementor-section-height-default\" data-id=\"6e7a1863\" data-element_type=\"section\">\n\t\t\t\t\t\t<div class=\"elementor-container elementor-column-gap-default\">\n\t\t\t\t\t<div class=\"elementor-column elementor-col-50 elementor-top-column elementor-element elementor-element-35d0773\" data-id=\"35d0773\" data-element_type=\"column\">\n\t\t\t<div class=\"elementor-widget-wrap elementor-element-populated\">\n\t\t\t\t\t\t<div class=\"elementor-element elementor-element-1257750 elementor-widget elementor-widget-elementskit-heading\" data-id=\"1257750\" data-element_type=\"widget\" data-widget_type=\"elementskit-heading.default\">\n\t\t\t\t<div class=\"elementor-widget-container\">\n\t\t\t<div class=\"ekit-wid-con\" ><div class=\"ekit-heading elementskit-section-title-wraper text_left   ekit_heading_tablet-   ekit_heading_mobile-\"><div class=\"elementskit-section-subtitle  elementskit-style-border\">\n\t\t\t\t\t\tBize ula\u015f\u0131n\n\t\t\t\t\t<\/div><h2 class=\"ekit-heading--title elementskit-section-title \">\u0130STANBUL OF\u0130S<\/h2><\/div><\/div>\t\t<\/div>\n\t\t\t\t<\/div>\n\t\t\t\t<div class=\"elementor-element elementor-element-6b16ca03 elementor-widget elementor-widget-elementskit-heading\" data-id=\"6b16ca03\" data-element_type=\"widget\" data-widget_type=\"elementskit-heading.default\">\n\t\t\t\t<div class=\"elementor-widget-container\">\n\t\t\t<div class=\"ekit-wid-con\" ><div class=\"ekit-heading elementskit-section-title-wraper text_left   ekit_heading_tablet-   ekit_heading_mobile-\"><div class=\"elementskit-section-subtitle  elementskit-style-border\">\n\t\t\t\t\t\tAdres\n\t\t\t\t\t<\/div><div class=\"ekit-heading--title elementskit-section-title \">Levent, S\u00fcl\u00fcn Sk. No:38, 34330 Be\u015fikta\u015f\/\u0130stanbul<\/div><\/div><\/div>\t\t<\/div>\n\t\t\t\t<\/div>\n\t\t\t\t<div class=\"elementor-element elementor-element-2df4cce6 elementor-widget elementor-widget-elementskit-heading\" data-id=\"2df4cce6\" data-element_type=\"widget\" data-widget_type=\"elementskit-heading.default\">\n\t\t\t\t<div class=\"elementor-widget-container\">\n\t\t\t<div class=\"ekit-wid-con\" ><div class=\"ekit-heading elementskit-section-title-wraper text_left   ekit_heading_tablet-   ekit_heading_mobile-\"><div class=\"elementskit-section-subtitle  elementskit-style-border\">\n\t\t\t\t\t\tTelefon\n\t\t\t\t\t<\/div><div class=\"ekit-heading--title elementskit-section-title \">0850 600 01 96<\/div><\/div><\/div>\t\t<\/div>\n\t\t\t\t<\/div>\n\t\t\t\t<div class=\"elementor-element elementor-element-364c6f90 elementor-widget elementor-widget-elementskit-heading\" data-id=\"364c6f90\" data-element_type=\"widget\" data-widget_type=\"elementskit-heading.default\">\n\t\t\t\t<div class=\"elementor-widget-container\">\n\t\t\t<div class=\"ekit-wid-con\" ><div class=\"ekit-heading elementskit-section-title-wraper text_left   ekit_heading_tablet-   ekit_heading_mobile-\"><div class=\"elementskit-section-subtitle  elementskit-style-border\">\n\t\t\t\t\t\tE-Mail\n\t\t\t\t\t<\/div><div class=\"ekit-heading--title elementskit-section-title \">info@\u00f6zkan.av.tr<\/div><\/div><\/div>\t\t<\/div>\n\t\t\t\t<\/div>\n\t\t\t\t<div class=\"elementor-element elementor-element-6c03cd74 elementor-widget elementor-widget-elementskit-heading\" data-id=\"6c03cd74\" data-element_type=\"widget\" data-widget_type=\"elementskit-heading.default\">\n\t\t\t\t<div class=\"elementor-widget-container\">\n\t\t\t<div class=\"ekit-wid-con\" ><div class=\"ekit-heading elementskit-section-title-wraper text_left   ekit_heading_tablet-   ekit_heading_mobile-\"><div class=\"elementskit-section-subtitle  elementskit-style-border\">\n\t\t\t\t\t\tSaat\n\t\t\t\t\t<\/div><div class=\"ekit-heading--title elementskit-section-title \">09:00  - 18:00 <\/div><\/div><\/div>\t\t<\/div>\n\t\t\t\t<\/div>\n\t\t\t\t\t<\/div>\n\t\t<\/div>\n\t\t\t\t<div class=\"elementor-column elementor-col-50 elementor-top-column elementor-element elementor-element-503fad81\" data-id=\"503fad81\" data-element_type=\"column\">\n\t\t\t<div class=\"elementor-widget-wrap elementor-element-populated\">\n\t\t\t\t\t\t<div class=\"elementor-element elementor-element-19575e84 elementor-widget elementor-widget-google_maps\" data-id=\"19575e84\" data-element_type=\"widget\" data-widget_type=\"google_maps.default\">\n\t\t\t\t<div class=\"elementor-widget-container\">\n\t\t\t<style>\/*! elementor - v3.19.0 - 28-02-2024 *\/\n.elementor-widget-google_maps .elementor-widget-container{overflow:hidden}.elementor-widget-google_maps .elementor-custom-embed{line-height:0}.elementor-widget-google_maps iframe{height:300px}<\/style>\t\t<div class=\"elementor-custom-embed\">\n\t\t\t<iframe loading=\"lazy\"\n\t\t\t\t\tsrc=\"https:\/\/maps.google.com\/maps?q=levent%20mah.%20s%C3%BCl%C3%BCn%20sokak%20no%3A%2038%20be%C5%9Fikta%C5%9F&#038;t=m&#038;z=14&#038;output=embed&#038;iwloc=near\"\n\t\t\t\t\ttitle=\"levent mah. s\u00fcl\u00fcn sokak no: 38 be\u015fikta\u015f\"\n\t\t\t\t\taria-label=\"levent mah. s\u00fcl\u00fcn sokak no: 38 be\u015fikta\u015f\"\n\t\t\t><\/iframe>\n\t\t<\/div>\n\t\t\t\t<\/div>\n\t\t\t\t<\/div>\n\t\t\t\t\t<\/div>\n\t\t<\/div>\n\t\t\t\t\t<\/div>\n\t\t<\/section>\n\t\t\t\t<section class=\"elementor-section elementor-top-section elementor-element elementor-element-0abda22 elementor-section-boxed elementor-section-height-default elementor-section-height-default\" data-id=\"0abda22\" data-element_type=\"section\">\n\t\t\t\t\t\t<div class=\"elementor-container elementor-column-gap-default\">\n\t\t\t\t\t<div class=\"elementor-column elementor-col-50 elementor-top-column elementor-element elementor-element-0c35384\" data-id=\"0c35384\" data-element_type=\"column\">\n\t\t\t<div class=\"elementor-widget-wrap elementor-element-populated\">\n\t\t\t\t\t\t<div class=\"elementor-element elementor-element-f37465e elementor-widget elementor-widget-elementskit-heading\" data-id=\"f37465e\" data-element_type=\"widget\" data-widget_type=\"elementskit-heading.default\">\n\t\t\t\t<div class=\"elementor-widget-container\">\n\t\t\t<div class=\"ekit-wid-con\" ><div class=\"ekit-heading elementskit-section-title-wraper text_left   ekit_heading_tablet-   ekit_heading_mobile-\"><div class=\"elementskit-section-subtitle  elementskit-style-border\">\n\t\t\t\t\t\tBize ula\u015f\u0131n\n\t\t\t\t\t<\/div><h2 class=\"ekit-heading--title elementskit-section-title \">LONDRA OF\u0130S<\/h2><\/div><\/div>\t\t<\/div>\n\t\t\t\t<\/div>\n\t\t\t\t<div class=\"elementor-element elementor-element-6b87e52 elementor-widget elementor-widget-elementskit-heading\" data-id=\"6b87e52\" data-element_type=\"widget\" data-widget_type=\"elementskit-heading.default\">\n\t\t\t\t<div class=\"elementor-widget-container\">\n\t\t\t<div class=\"ekit-wid-con\" ><div class=\"ekit-heading elementskit-section-title-wraper text_left   ekit_heading_tablet-   ekit_heading_mobile-\"><div class=\"elementskit-section-subtitle  elementskit-style-border\">\n\t\t\t\t\t\tAdres\n\t\t\t\t\t<\/div><div class=\"ekit-heading--title elementskit-section-title \">500 White Hart Lane, London N14 7NA<\/div><\/div><\/div>\t\t<\/div>\n\t\t\t\t<\/div>\n\t\t\t\t<div class=\"elementor-element elementor-element-5f18e38 elementor-widget elementor-widget-elementskit-heading\" data-id=\"5f18e38\" data-element_type=\"widget\" data-widget_type=\"elementskit-heading.default\">\n\t\t\t\t<div class=\"elementor-widget-container\">\n\t\t\t<div class=\"ekit-wid-con\" ><div class=\"ekit-heading elementskit-section-title-wraper text_left   ekit_heading_tablet-   ekit_heading_mobile-\"><div class=\"elementskit-section-subtitle  elementskit-style-border\">\n\t\t\t\t\t\tTelefon\n\t\t\t\t\t<\/div><div class=\"ekit-heading--title elementskit-section-title \">+44 7444 820 677<\/div><\/div><\/div>\t\t<\/div>\n\t\t\t\t<\/div>\n\t\t\t\t<div class=\"elementor-element elementor-element-a8ca973 elementor-widget elementor-widget-elementskit-heading\" data-id=\"a8ca973\" data-element_type=\"widget\" data-widget_type=\"elementskit-heading.default\">\n\t\t\t\t<div class=\"elementor-widget-container\">\n\t\t\t<div class=\"ekit-wid-con\" ><div class=\"ekit-heading elementskit-section-title-wraper text_left   ekit_heading_tablet-   ekit_heading_mobile-\"><div class=\"elementskit-section-subtitle  elementskit-style-border\">\n\t\t\t\t\t\tE-Mail\n\t\t\t\t\t<\/div><div class=\"ekit-heading--title elementskit-section-title \">info@\u00f6zkan.av.tr<\/div><\/div><\/div>\t\t<\/div>\n\t\t\t\t<\/div>\n\t\t\t\t<div class=\"elementor-element elementor-element-c378e46 elementor-widget elementor-widget-elementskit-heading\" data-id=\"c378e46\" data-element_type=\"widget\" data-widget_type=\"elementskit-heading.default\">\n\t\t\t\t<div class=\"elementor-widget-container\">\n\t\t\t<div class=\"ekit-wid-con\" ><div class=\"ekit-heading elementskit-section-title-wraper text_left   ekit_heading_tablet-   ekit_heading_mobile-\"><div class=\"elementskit-section-subtitle  elementskit-style-border\">\n\t\t\t\t\t\tSaat\n\t\t\t\t\t<\/div><div class=\"ekit-heading--title elementskit-section-title \">09:00  - 18:00 <\/div><\/div><\/div>\t\t<\/div>\n\t\t\t\t<\/div>\n\t\t\t\t\t<\/div>\n\t\t<\/div>\n\t\t\t\t<div class=\"elementor-column elementor-col-50 elementor-top-column elementor-element elementor-element-1c80d4e\" data-id=\"1c80d4e\" data-element_type=\"column\">\n\t\t\t<div class=\"elementor-widget-wrap elementor-element-populated\">\n\t\t\t\t\t\t<div class=\"elementor-element elementor-element-0d5323a elementor-widget elementor-widget-google_maps\" data-id=\"0d5323a\" data-element_type=\"widget\" data-widget_type=\"google_maps.default\">\n\t\t\t\t<div class=\"elementor-widget-container\">\n\t\t\t\t\t<div class=\"elementor-custom-embed\">\n\t\t\t<iframe loading=\"lazy\"\n\t\t\t\t\tsrc=\"https:\/\/maps.google.com\/maps?q=500%20White%20Hart%20Lane%2C%20London%20N14%207NA&#038;t=m&#038;z=14&#038;output=embed&#038;iwloc=near\"\n\t\t\t\t\ttitle=\"500 White Hart Lane, London N14 7NA\"\n\t\t\t\t\taria-label=\"500 White Hart Lane, London N14 7NA\"\n\t\t\t><\/iframe>\n\t\t<\/div>\n\t\t\t\t<\/div>\n\t\t\t\t<\/div>\n\t\t\t\t\t<\/div>\n\t\t<\/div>\n\t\t\t\t\t<\/div>\n\t\t<\/section>\n\t\t\t\t<\/div>\n\t\t","protected":false},"excerpt":{"rendered":"<p>\u0130leit\u015fim Ekibimiz, kendi alanlar\u0131nda deneyimleri y\u00fcksek, geli\u015fmeye a\u00e7\u0131k bir kadrodan olu\u015fmaktad\u0131r. Bize ula\u015f\u0131n \u0130STANBUL OF\u0130S Adres Levent, S\u00fcl\u00fcn Sk. No:38, 34330 Be\u015fikta\u015f\/\u0130stanbul Telefon 0850 600 01 96 E-Mail info@\u00f6zkan.av.tr Saat 09:00 &#8211; 18:00 Bize ula\u015f\u0131n LONDRA OF\u0130S Adres 500 White Hart Lane, London N14 7NA Telefon +44 7444 820 677 E-Mail info@\u00f6zkan.av.tr Saat 09:00 &#8211; [&hellip;]<\/p>\n","protected":false},"author":1,"featured_media":0,"parent":0,"menu_order":0,"comment_status":"closed","ping_status":"closed","template":"elementor_header_footer","meta":{"footnotes":""},"class_list":["post-237","page","type-page","status-publish","hentry"],"yoast_head":"<!-- This site is optimized with the Yoast SEO plugin v22.1 - https:\/\/yoast.com\/wordpress\/plugins\/seo\/ -->\n<title>\u0130leti\u015fim - \u00d6zkan Hukuk B\u00fcrosu | \u0130stanbul | Hukuk Hizmetleri<\/title>\n<meta name=\"robots\" content=\"index, follow, max-snippet:-1, max-image-preview:large, max-video-preview:-1\" \/>\n<link rel=\"canonical\" href=\"https:\/\/xn--zkan-4qa.av.tr\/index.php\/iletisim\/\" \/>\n<meta property=\"og:locale\" content=\"tr_TR\" \/>\n<meta property=\"og:type\" content=\"article\" \/>\n<meta property=\"og:title\" content=\"\u0130leti\u015fim - \u00d6zkan Hukuk B\u00fcrosu | \u0130stanbul | Hukuk Hizmetleri\" \/>\n<meta property=\"og:description\" content=\"\u0130leit\u015fim Ekibimiz, kendi alanlar\u0131nda deneyimleri y\u00fcksek, geli\u015fmeye a\u00e7\u0131k bir kadrodan olu\u015fmaktad\u0131r. Bize ula\u015f\u0131n \u0130STANBUL OF\u0130S Adres Levent, S\u00fcl\u00fcn Sk. No:38, 34330 Be\u015fikta\u015f\/\u0130stanbul Telefon 0850 600 01 96 E-Mail info@\u00f6zkan.av.tr Saat 09:00 &#8211; 18:00 Bize ula\u015f\u0131n LONDRA OF\u0130S Adres 500 White Hart Lane, London N14 7NA Telefon +44 7444 820 677 E-Mail info@\u00f6zkan.av.tr Saat 09:00 &#8211; [&hellip;]\" \/>\n<meta property=\"og:url\" content=\"https:\/\/xn--zkan-4qa.av.tr\/index.php\/iletisim\/\" \/>\n<meta property=\"og:site_name\" content=\"\u00d6zkan Hukuk B\u00fcrosu | \u0130stanbul | Hukuk Hizmetleri\" \/>\n<meta property=\"article:modified_time\" content=\"2024-03-20T10:07:13+00:00\" \/>\n<meta name=\"twitter:card\" content=\"summary_large_image\" \/>\n<meta name=\"twitter:label1\" content=\"Tahmini okuma s\u00fcresi\" \/>\n\t<meta name=\"twitter:data1\" content=\"1 dakika\" \/>\n<script type=\"application\/ld+json\" class=\"yoast-schema-graph\">{\"@context\":\"https:\/\/schema.org\",\"@graph\":[{\"@type\":\"WebPage\",\"@id\":\"https:\/\/xn--zkan-4qa.av.tr\/index.php\/iletisim\/\",\"url\":\"https:\/\/xn--zkan-4qa.av.tr\/index.php\/iletisim\/\",\"name\":\"\u0130leti\u015fim - \u00d6zkan Hukuk B\u00fcrosu | \u0130stanbul | Hukuk Hizmetleri\",\"isPartOf\":{\"@id\":\"https:\/\/xn--zkan-4qa.av.tr\/#website\"},\"datePublished\":\"2024-03-04T12:04:56+00:00\",\"dateModified\":\"2024-03-20T10:07:13+00:00\",\"breadcrumb\":{\"@id\":\"https:\/\/xn--zkan-4qa.av.tr\/index.php\/iletisim\/#breadcrumb\"},\"inLanguage\":\"tr\",\"potentialAction\":[{\"@type\":\"ReadAction\",\"target\":[\"https:\/\/xn--zkan-4qa.av.tr\/index.php\/iletisim\/\"]}]},{\"@type\":\"BreadcrumbList\",\"@id\":\"https:\/\/xn--zkan-4qa.av.tr\/index.php\/iletisim\/#breadcrumb\",\"itemListElement\":[{\"@type\":\"ListItem\",\"position\":1,\"name\":\"Anasayfa\",\"item\":\"https:\/\/xn--zkan-4qa.av.tr\/\"},{\"@type\":\"ListItem\",\"position\":2,\"name\":\"\u0130leti\u015fim\"}]},{\"@type\":\"WebSite\",\"@id\":\"https:\/\/xn--zkan-4qa.av.tr\/#website\",\"url\":\"https:\/\/xn--zkan-4qa.av.tr\/\",\"name\":\"\u00d6zkan Hukuk B\u00fcrosu | \u0130stanbul | Hukuk Hizmetleri\",\"description\":\" Hukuki \u00e7\u00f6z\u00fcm s\u00fcre\u00e7lerinizde, profesyonel ekibimiz ile yan\u0131n\u0131zday\u0131z.\",\"potentialAction\":[{\"@type\":\"SearchAction\",\"target\":{\"@type\":\"EntryPoint\",\"urlTemplate\":\"https:\/\/xn--zkan-4qa.av.tr\/?s={search_term_string}\"},\"query-input\":\"required name=search_term_string\"}],\"inLanguage\":\"tr\"}]}<\/script>\n<!-- \/ Yoast SEO plugin. -->","yoast_head_json":{"title":"\u0130leti\u015fim - \u00d6zkan Hukuk B\u00fcrosu | \u0130stanbul | Hukuk Hizmetleri","robots":{"index":"index","follow":"follow","max-snippet":"max-snippet:-1","max-image-preview":"max-image-preview:large","max-video-preview":"max-video-preview:-1"},"canonical":"https:\/\/xn--zkan-4qa.av.tr\/index.php\/iletisim\/","og_locale":"tr_TR","og_type":"article","og_title":"\u0130leti\u015fim - \u00d6zkan Hukuk B\u00fcrosu | \u0130stanbul | Hukuk Hizmetleri","og_description":"\u0130leit\u015fim Ekibimiz, kendi alanlar\u0131nda deneyimleri y\u00fcksek, geli\u015fmeye a\u00e7\u0131k bir kadrodan olu\u015fmaktad\u0131r. Bize ula\u015f\u0131n \u0130STANBUL OF\u0130S Adres Levent, S\u00fcl\u00fcn Sk. No:38, 34330 Be\u015fikta\u015f\/\u0130stanbul Telefon 0850 600 01 96 E-Mail info@\u00f6zkan.av.tr Saat 09:00 &#8211; 18:00 Bize ula\u015f\u0131n LONDRA OF\u0130S Adres 500 White Hart Lane, London N14 7NA Telefon +44 7444 820 677 E-Mail info@\u00f6zkan.av.tr Saat 09:00 &#8211; [&hellip;]","og_url":"https:\/\/xn--zkan-4qa.av.tr\/index.php\/iletisim\/","og_site_name":"\u00d6zkan Hukuk B\u00fcrosu | \u0130stanbul | Hukuk Hizmetleri","article_modified_time":"2024-03-20T10:07:13+00:00","twitter_card":"summary_large_image","twitter_misc":{"Tahmini okuma s\u00fcresi":"1 dakika"},"schema":{"@context":"https:\/\/schema.org","@graph":[{"@type":"WebPage","@id":"https:\/\/xn--zkan-4qa.av.tr\/index.php\/iletisim\/","url":"https:\/\/xn--zkan-4qa.av.tr\/index.php\/iletisim\/","name":"\u0130leti\u015fim - \u00d6zkan Hukuk B\u00fcrosu | \u0130stanbul | Hukuk Hizmetleri","isPartOf":{"@id":"https:\/\/xn--zkan-4qa.av.tr\/#website"},"datePublished":"2024-03-04T12:04:56+00:00","dateModified":"2024-03-20T10:07:13+00:00","breadcrumb":{"@id":"https:\/\/xn--zkan-4qa.av.tr\/index.php\/iletisim\/#breadcrumb"},"inLanguage":"tr","potentialAction":[{"@type":"ReadAction","target":["https:\/\/xn--zkan-4qa.av.tr\/index.php\/iletisim\/"]}]},{"@type":"BreadcrumbList","@id":"https:\/\/xn--zkan-4qa.av.tr\/index.php\/iletisim\/#breadcrumb","itemListElement":[{"@type":"ListItem","position":1,"name":"Anasayfa","item":"https:\/\/xn--zkan-4qa.av.tr\/"},{"@type":"ListItem","position":2,"name":"\u0130leti\u015fim"}]},{"@type":"WebSite","@id":"https:\/\/xn--zkan-4qa.av.tr\/#website","url":"https:\/\/xn--zkan-4qa.av.tr\/","name":"\u00d6zkan Hukuk B\u00fcrosu | \u0130stanbul | Hukuk Hizmetleri","description":" Hukuki \u00e7\u00f6z\u00fcm s\u00fcre\u00e7lerinizde, profesyonel ekibimiz ile yan\u0131n\u0131zday\u0131z.","potentialAction":[{"@type":"SearchAction","target":{"@type":"EntryPoint","urlTemplate":"https:\/\/xn--zkan-4qa.av.tr\/?s={search_term_string}"},"query-input":"required name=search_term_string"}],"inLanguage":"tr"}]}},"_links":{"self":[{"href":"https:\/\/xn--zkan-4qa.av.tr\/index.php\/wp-json\/wp\/v2\/pages\/237","targetHints":{"allow":["GET"]}}],"collection":[{"href":"https:\/\/xn--zkan-4qa.av.tr\/index.php\/wp-json\/wp\/v2\/pages"}],"about":[{"href":"https:\/\/xn--zkan-4qa.av.tr\/index.php\/wp-json\/wp\/v2\/types\/page"}],"author":[{"embeddable":true,"href":"https:\/\/xn--zkan-4qa.av.tr\/index.php\/wp-json\/wp\/v2\/users\/1"}],"replies":[{"embeddable":true,"href":"https:\/\/xn--zkan-4qa.av.tr\/index.php\/wp-json\/wp\/v2\/comments?post=237"}],"version-history":[{"count":16,"href":"https:\/\/xn--zkan-4qa.av.tr\/index.php\/wp-json\/wp\/v2\/pages\/237\/revisions"}],"predecessor-version":[{"id":289,"href":"https:\/\/xn--zkan-4qa.av.tr\/index.php\/wp-json\/wp\/v2\/pages\/237\/revisions\/289"}],"wp:attachment":[{"href":"https:\/\/xn--zkan-4qa.av.tr\/index.php\/wp-json\/wp\/v2\/media?parent=237"}],"curies":[{"name":"wp","href":"https:\/\/api.w.org\/{rel}","templated":true}]}}