{"id":213,"date":"2024-03-04T11:45:01","date_gmt":"2024-03-04T11:45:01","guid":{"rendered":"https:\/\/xn--zkan-4qa.av.tr\/?page_id=213"},"modified":"2024-03-04T12:04:02","modified_gmt":"2024-03-04T12:04:02","slug":"hakkimizda","status":"publish","type":"page","link":"https:\/\/xn--zkan-4qa.av.tr\/index.php\/hakkimizda\/","title":{"rendered":"Hakk\u0131m\u0131zda"},"content":{"rendered":"\t\t<div data-elementor-type=\"wp-page\" data-elementor-id=\"213\" class=\"elementor elementor-213\">\n\t\t\t\t\t\t<section class=\"elementor-section elementor-top-section elementor-element elementor-element-677b3ba elementor-section-height-min-height elementor-section-boxed elementor-section-height-default elementor-section-items-middle\" data-id=\"677b3ba\" data-element_type=\"section\" data-settings=\"{&quot;background_background&quot;:&quot;classic&quot;}\">\n\t\t\t\t\t\t\t<div class=\"elementor-background-overlay\"><\/div>\n\t\t\t\t\t\t\t<div class=\"elementor-container elementor-column-gap-no\">\n\t\t\t\t\t<div class=\"elementor-column elementor-col-100 elementor-top-column elementor-element elementor-element-7b4b9d87\" data-id=\"7b4b9d87\" data-element_type=\"column\" data-settings=\"{&quot;background_background&quot;:&quot;classic&quot;}\">\n\t\t\t<div class=\"elementor-widget-wrap elementor-element-populated\">\n\t\t\t\t\t\t<div class=\"elementor-element elementor-element-1a044436 elementor-invisible elementor-widget elementor-widget-heading\" data-id=\"1a044436\" data-element_type=\"widget\" data-settings=\"{&quot;_animation&quot;:&quot;fadeInDown&quot;}\" data-widget_type=\"heading.default\">\n\t\t\t\t<div class=\"elementor-widget-container\">\n\t\t\t<style>\/*! elementor - v3.19.0 - 28-02-2024 *\/\n.elementor-heading-title{padding:0;margin:0;line-height:1}.elementor-widget-heading .elementor-heading-title[class*=elementor-size-]>a{color:inherit;font-size:inherit;line-height:inherit}.elementor-widget-heading .elementor-heading-title.elementor-size-small{font-size:15px}.elementor-widget-heading .elementor-heading-title.elementor-size-medium{font-size:19px}.elementor-widget-heading .elementor-heading-title.elementor-size-large{font-size:29px}.elementor-widget-heading .elementor-heading-title.elementor-size-xl{font-size:39px}.elementor-widget-heading .elementor-heading-title.elementor-size-xxl{font-size:59px}<\/style><h1 class=\"elementor-heading-title elementor-size-default\">Hakk\u0131m\u0131zda<\/h1>\t\t<\/div>\n\t\t\t\t<\/div>\n\t\t\t\t<div class=\"elementor-element elementor-element-63b1cb35 elementor-invisible elementor-widget elementor-widget-text-editor\" data-id=\"63b1cb35\" data-element_type=\"widget\" data-settings=\"{&quot;_animation&quot;:&quot;fadeIn&quot;,&quot;_animation_delay&quot;:600}\" data-widget_type=\"text-editor.default\">\n\t\t\t\t<div class=\"elementor-widget-container\">\n\t\t\t<style>\/*! elementor - v3.19.0 - 28-02-2024 *\/\n.elementor-widget-text-editor.elementor-drop-cap-view-stacked .elementor-drop-cap{background-color:#69727d;color:#fff}.elementor-widget-text-editor.elementor-drop-cap-view-framed .elementor-drop-cap{color:#69727d;border:3px solid;background-color:transparent}.elementor-widget-text-editor:not(.elementor-drop-cap-view-default) .elementor-drop-cap{margin-top:8px}.elementor-widget-text-editor:not(.elementor-drop-cap-view-default) .elementor-drop-cap-letter{width:1em;height:1em}.elementor-widget-text-editor .elementor-drop-cap{float:left;text-align:center;line-height:1;font-size:50px}.elementor-widget-text-editor .elementor-drop-cap-letter{display:inline-block}<\/style>\t\t\t\t<p>\u00d6zkan Hukuk farkl\u0131 hukuk alanlar\u0131nda uzmanla\u015fm\u0131\u015f bir dan\u0131\u015fman kadrosuna g\u00fc\u00e7l\u00fc bir m\u00fcvekkil a\u011f\u0131na sahiptir<\/p>\t\t\t\t\t\t<\/div>\n\t\t\t\t<\/div>\n\t\t\t\t\t<\/div>\n\t\t<\/div>\n\t\t\t\t\t<\/div>\n\t\t<\/section>\n\t\t\t\t<section class=\"elementor-section elementor-top-section elementor-element elementor-element-4dda566a elementor-section-boxed elementor-section-height-default elementor-section-height-default\" data-id=\"4dda566a\" data-element_type=\"section\">\n\t\t\t\t\t\t<div class=\"elementor-container elementor-column-gap-default\">\n\t\t\t\t\t<div class=\"elementor-column elementor-col-50 elementor-top-column elementor-element elementor-element-2947ba17\" data-id=\"2947ba17\" data-element_type=\"column\">\n\t\t\t<div class=\"elementor-widget-wrap elementor-element-populated\">\n\t\t\t\t\t\t<div class=\"elementor-element elementor-element-725471ae elementor-widget elementor-widget-elementskit-heading\" data-id=\"725471ae\" data-element_type=\"widget\" data-widget_type=\"elementskit-heading.default\">\n\t\t\t\t<div class=\"elementor-widget-container\">\n\t\t\t<div class=\"ekit-wid-con\" ><div class=\"ekit-heading elementskit-section-title-wraper text_left   ekit_heading_tablet-   ekit_heading_mobile-\"><div class=\"elementskit-section-subtitle  elementskit-style-border\">\n\t\t\t\t\t\tHakk\u0131m\u0131zda\n\t\t\t\t\t<\/div><h2 class=\"ekit-heading--title elementskit-section-title \">\u00d6zkan Hukuk<\/h2><\/div><\/div>\t\t<\/div>\n\t\t\t\t<\/div>\n\t\t\t\t<div class=\"elementor-element elementor-element-356f7112 elementor-widget elementor-widget-text-editor\" data-id=\"356f7112\" data-element_type=\"widget\" data-widget_type=\"text-editor.default\">\n\t\t\t\t<div class=\"elementor-widget-container\">\n\t\t\t\t\t\t\t<p>2010 y\u0131l\u0131nda kurulan \u00d6zkan Hukuk B\u00fcrosu, kurulu\u015fundan bu yana istikrarl\u0131 bir \u015fekilde b\u00fcy\u00fcyerek T\u00fcrkiye&#8217;nin sayg\u0131n hukuk b\u00fcrolar\u0131ndan biri haline gelmi\u015ftir. <br \/><br \/>Bug\u00fcn \u00d6zkan, geni\u015f bir yelpazede hukuk hizmeti sunarken, sorunlar\u0131 en verimli \u015fekilde \u00e7\u00f6zmek i\u00e7in \u00e7al\u0131\u015fma alanlar\u0131na g\u00f6re uzmanla\u015fm\u0131\u015f ve organize olmu\u015ftur.<\/p>\t\t\t\t\t\t<\/div>\n\t\t\t\t<\/div>\n\t\t\t\t\t<\/div>\n\t\t<\/div>\n\t\t\t\t<div class=\"elementor-column elementor-col-50 elementor-top-column elementor-element elementor-element-12de77c1\" data-id=\"12de77c1\" data-element_type=\"column\" data-settings=\"{&quot;background_background&quot;:&quot;classic&quot;}\">\n\t\t\t<div class=\"elementor-widget-wrap elementor-element-populated\">\n\t\t\t\t\t\t<div class=\"elementor-element elementor-element-76dce84b elementor-widget elementor-widget-spacer\" data-id=\"76dce84b\" data-element_type=\"widget\" data-widget_type=\"spacer.default\">\n\t\t\t\t<div class=\"elementor-widget-container\">\n\t\t\t<style>\/*! elementor - v3.19.0 - 28-02-2024 *\/\n.elementor-column .elementor-spacer-inner{height:var(--spacer-size)}.e-con{--container-widget-width:100%}.e-con-inner>.elementor-widget-spacer,.e-con>.elementor-widget-spacer{width:var(--container-widget-width,var(--spacer-size));--align-self:var(--container-widget-align-self,initial);--flex-shrink:0}.e-con-inner>.elementor-widget-spacer>.elementor-widget-container,.e-con>.elementor-widget-spacer>.elementor-widget-container{height:100%;width:100%}.e-con-inner>.elementor-widget-spacer>.elementor-widget-container>.elementor-spacer,.e-con>.elementor-widget-spacer>.elementor-widget-container>.elementor-spacer{height:100%}.e-con-inner>.elementor-widget-spacer>.elementor-widget-container>.elementor-spacer>.elementor-spacer-inner,.e-con>.elementor-widget-spacer>.elementor-widget-container>.elementor-spacer>.elementor-spacer-inner{height:var(--container-widget-height,var(--spacer-size))}.e-con-inner>.elementor-widget-spacer.elementor-widget-empty,.e-con>.elementor-widget-spacer.elementor-widget-empty{position:relative;min-height:22px;min-width:22px}.e-con-inner>.elementor-widget-spacer.elementor-widget-empty .elementor-widget-empty-icon,.e-con>.elementor-widget-spacer.elementor-widget-empty .elementor-widget-empty-icon{position:absolute;top:0;bottom:0;left:0;right:0;margin:auto;padding:0;width:22px;height:22px}<\/style>\t\t<div class=\"elementor-spacer\">\n\t\t\t<div class=\"elementor-spacer-inner\"><\/div>\n\t\t<\/div>\n\t\t\t\t<\/div>\n\t\t\t\t<\/div>\n\t\t\t\t<div class=\"elementor-element elementor-element-2183007e elementor-widget__width-initial elementor-absolute elementor-invisible elementor-widget elementor-widget-counter\" data-id=\"2183007e\" data-element_type=\"widget\" data-settings=\"{&quot;_position&quot;:&quot;absolute&quot;,&quot;_animation&quot;:&quot;fadeInRight&quot;}\" data-widget_type=\"counter.default\">\n\t\t\t\t<div class=\"elementor-widget-container\">\n\t\t\t<style>\/*! elementor - v3.19.0 - 28-02-2024 *\/\n.elementor-counter .elementor-counter-number-wrapper{display:flex;font-size:69px;font-weight:600;line-height:1}.elementor-counter .elementor-counter-number-prefix,.elementor-counter .elementor-counter-number-suffix{flex-grow:1;white-space:pre-wrap}.elementor-counter .elementor-counter-number-prefix{text-align:right}.elementor-counter .elementor-counter-number-suffix{text-align:left}.elementor-counter .elementor-counter-title{text-align:center;font-size:19px;font-weight:400;line-height:2.5}<\/style>\t\t<div class=\"elementor-counter\">\n\t\t\t<div class=\"elementor-counter-number-wrapper\">\n\t\t\t\t<span class=\"elementor-counter-number-prefix\"><\/span>\n\t\t\t\t<span class=\"elementor-counter-number\" data-duration=\"1000\" data-to-value=\"10\" data-from-value=\"0\">0<\/span>\n\t\t\t\t<span class=\"elementor-counter-number-suffix\">K+<\/span>\n\t\t\t<\/div>\n\t\t\t\t\t\t\t<div class=\"elementor-counter-title\">En Mutlu M\u00fcvekkiler<\/div>\n\t\t\t\t\t<\/div>\n\t\t\t\t<\/div>\n\t\t\t\t<\/div>\n\t\t\t\t\t<\/div>\n\t\t<\/div>\n\t\t\t\t\t<\/div>\n\t\t<\/section>\n\t\t\t\t<section class=\"elementor-section elementor-top-section elementor-element elementor-element-c6563ad elementor-section-boxed elementor-section-height-default elementor-section-height-default\" data-id=\"c6563ad\" data-element_type=\"section\">\n\t\t\t\t\t\t<div class=\"elementor-container elementor-column-gap-default\">\n\t\t\t\t\t<div class=\"elementor-column elementor-col-50 elementor-top-column elementor-element elementor-element-f38d324\" data-id=\"f38d324\" data-element_type=\"column\" data-settings=\"{&quot;background_background&quot;:&quot;classic&quot;}\">\n\t\t\t<div class=\"elementor-widget-wrap elementor-element-populated\">\n\t\t\t\t\t\t<div class=\"elementor-element elementor-element-3f2f8af elementor-widget elementor-widget-spacer\" data-id=\"3f2f8af\" data-element_type=\"widget\" data-widget_type=\"spacer.default\">\n\t\t\t\t<div class=\"elementor-widget-container\">\n\t\t\t\t\t<div class=\"elementor-spacer\">\n\t\t\t<div class=\"elementor-spacer-inner\"><\/div>\n\t\t<\/div>\n\t\t\t\t<\/div>\n\t\t\t\t<\/div>\n\t\t\t\t\t<\/div>\n\t\t<\/div>\n\t\t\t\t<div class=\"elementor-column elementor-col-50 elementor-top-column elementor-element elementor-element-98248bf\" data-id=\"98248bf\" data-element_type=\"column\">\n\t\t\t<div class=\"elementor-widget-wrap elementor-element-populated\">\n\t\t\t\t\t\t<div class=\"elementor-element elementor-element-61f1d67 elementor-widget elementor-widget-elementskit-heading\" data-id=\"61f1d67\" data-element_type=\"widget\" data-widget_type=\"elementskit-heading.default\">\n\t\t\t\t<div class=\"elementor-widget-container\">\n\t\t\t<div class=\"ekit-wid-con\" ><div class=\"ekit-heading elementskit-section-title-wraper text_left   ekit_heading_tablet-   ekit_heading_mobile-\"><h2 class=\"ekit-heading--title elementskit-section-title \">Vizyon<\/h2><\/div><\/div>\t\t<\/div>\n\t\t\t\t<\/div>\n\t\t\t\t<div class=\"elementor-element elementor-element-b16a349 elementor-widget elementor-widget-text-editor\" data-id=\"b16a349\" data-element_type=\"widget\" data-widget_type=\"text-editor.default\">\n\t\t\t\t<div class=\"elementor-widget-container\">\n\t\t\t\t\t\t\t<p>\u00d6zkan Hukuk, \u00e7e\u015fitli hukuk alanlar\u0131nda uzmanla\u015fm\u0131\u015f dan\u0131\u015fmanlar\u0131ndan olu\u015fan geni\u015f bir m\u00fc\u015fteri taban\u0131na sahiptir. \u00d6zkan, g\u00fc\u00e7l\u00fc \u00e7\u00f6z\u00fcm ortaklar\u0131yla birlikte m\u00fcvekkillerine en iyi ve en uygun hukuki \u00e7\u00f6z\u00fcm\u00fc \u00fcretmek istiyor.<\/p>\t\t\t\t\t\t<\/div>\n\t\t\t\t<\/div>\n\t\t\t\t<div class=\"elementor-element elementor-element-6bffcea elementor-widget elementor-widget-spacer\" data-id=\"6bffcea\" data-element_type=\"widget\" data-widget_type=\"spacer.default\">\n\t\t\t\t<div class=\"elementor-widget-container\">\n\t\t\t\t\t<div class=\"elementor-spacer\">\n\t\t\t<div class=\"elementor-spacer-inner\"><\/div>\n\t\t<\/div>\n\t\t\t\t<\/div>\n\t\t\t\t<\/div>\n\t\t\t\t\t<\/div>\n\t\t<\/div>\n\t\t\t\t\t<\/div>\n\t\t<\/section>\n\t\t\t\t<section class=\"elementor-section elementor-top-section elementor-element elementor-element-1624dc7 elementor-section-boxed elementor-section-height-default elementor-section-height-default\" data-id=\"1624dc7\" data-element_type=\"section\">\n\t\t\t\t\t\t<div class=\"elementor-container elementor-column-gap-default\">\n\t\t\t\t\t<div class=\"elementor-column elementor-col-50 elementor-top-column elementor-element elementor-element-6316bde\" data-id=\"6316bde\" data-element_type=\"column\">\n\t\t\t<div class=\"elementor-widget-wrap elementor-element-populated\">\n\t\t\t\t\t\t<div class=\"elementor-element elementor-element-fc8d802 elementor-widget elementor-widget-elementskit-heading\" data-id=\"fc8d802\" data-element_type=\"widget\" data-widget_type=\"elementskit-heading.default\">\n\t\t\t\t<div class=\"elementor-widget-container\">\n\t\t\t<div class=\"ekit-wid-con\" ><div class=\"ekit-heading elementskit-section-title-wraper text_left   ekit_heading_tablet-   ekit_heading_mobile-\"><h2 class=\"ekit-heading--title elementskit-section-title \">Misyon<\/h2><\/div><\/div>\t\t<\/div>\n\t\t\t\t<\/div>\n\t\t\t\t<div class=\"elementor-element elementor-element-851cbe3 elementor-widget elementor-widget-text-editor\" data-id=\"851cbe3\" data-element_type=\"widget\" data-widget_type=\"text-editor.default\">\n\t\t\t\t<div class=\"elementor-widget-container\">\n\t\t\t\t\t\t\t<p>\u00d6zkan, m\u00fcvekkillerine d\u00fcnya standartlar\u0131nda ve en y\u00fcksek kalitede hukuki hizmetler sunmay\u0131 ama\u00e7lar. \u00d6zkan, ulusal ve uluslararas\u0131 hizmet ihtiya\u00e7lar\u0131n\u0131 kar\u015f\u0131lamak ve kalite s\u00fcreklili\u011fini sa\u011flamak i\u00e7in g\u00fcncel hukuki ve finansal geli\u015fmeleri yak\u0131ndan takip ediyor. Bu nedenle, yaln\u0131zca mevcut sorunlar\u0131 \u00e7\u00f6zmek d\u0131\u015f\u0131nda, yeni sorunlar\u0131 ortaya \u00e7\u0131kmadan \u00f6nlemek istiyor. <br \/>M\u00fcvekkillerin hukuki sorunlar\u0131n\u0131 ele al\u0131r ve sonu\u00e7 odakl\u0131 bir yakla\u015f\u0131mla vek\u00e2let ili\u015fkisini y\u00f6netir.<\/p>\t\t\t\t\t\t<\/div>\n\t\t\t\t<\/div>\n\t\t\t\t\t<\/div>\n\t\t<\/div>\n\t\t\t\t<div class=\"elementor-column elementor-col-50 elementor-top-column elementor-element elementor-element-1b6d4f7\" data-id=\"1b6d4f7\" data-element_type=\"column\" data-settings=\"{&quot;background_background&quot;:&quot;classic&quot;}\">\n\t\t\t<div class=\"elementor-widget-wrap elementor-element-populated\">\n\t\t\t\t\t\t<div class=\"elementor-element elementor-element-8cf1b10 elementor-widget elementor-widget-spacer\" data-id=\"8cf1b10\" data-element_type=\"widget\" data-widget_type=\"spacer.default\">\n\t\t\t\t<div class=\"elementor-widget-container\">\n\t\t\t\t\t<div class=\"elementor-spacer\">\n\t\t\t<div class=\"elementor-spacer-inner\"><\/div>\n\t\t<\/div>\n\t\t\t\t<\/div>\n\t\t\t\t<\/div>\n\t\t\t\t\t<\/div>\n\t\t<\/div>\n\t\t\t\t\t<\/div>\n\t\t<\/section>\n\t\t\t\t<\/div>\n\t\t","protected":false},"excerpt":{"rendered":"<p>Hakk\u0131m\u0131zda \u00d6zkan Hukuk farkl\u0131 hukuk alanlar\u0131nda uzmanla\u015fm\u0131\u015f bir dan\u0131\u015fman kadrosuna g\u00fc\u00e7l\u00fc bir m\u00fcvekkil a\u011f\u0131na sahiptir Hakk\u0131m\u0131zda \u00d6zkan Hukuk 2010 y\u0131l\u0131nda kurulan \u00d6zkan Hukuk B\u00fcrosu, kurulu\u015fundan bu yana istikrarl\u0131 bir \u015fekilde b\u00fcy\u00fcyerek T\u00fcrkiye&#8217;nin sayg\u0131n hukuk b\u00fcrolar\u0131ndan biri haline gelmi\u015ftir. Bug\u00fcn \u00d6zkan, geni\u015f bir yelpazede hukuk hizmeti sunarken, sorunlar\u0131 en verimli \u015fekilde \u00e7\u00f6zmek i\u00e7in \u00e7al\u0131\u015fma alanlar\u0131na g\u00f6re [&hellip;]<\/p>\n","protected":false},"author":1,"featured_media":0,"parent":0,"menu_order":0,"comment_status":"closed","ping_status":"closed","template":"elementor_header_footer","meta":{"footnotes":""},"class_list":["post-213","page","type-page","status-publish","hentry"],"yoast_head":"<!-- This site is optimized with the Yoast SEO plugin v22.1 - https:\/\/yoast.com\/wordpress\/plugins\/seo\/ -->\n<title>Hakk\u0131m\u0131zda - \u00d6zkan Hukuk B\u00fcrosu | \u0130stanbul | Hukuk Hizmetleri<\/title>\n<meta name=\"robots\" content=\"index, follow, max-snippet:-1, max-image-preview:large, max-video-preview:-1\" \/>\n<link rel=\"canonical\" href=\"https:\/\/xn--zkan-4qa.av.tr\/index.php\/hakkimizda\/\" \/>\n<meta property=\"og:locale\" content=\"tr_TR\" \/>\n<meta property=\"og:type\" content=\"article\" \/>\n<meta property=\"og:title\" content=\"Hakk\u0131m\u0131zda - \u00d6zkan Hukuk B\u00fcrosu | \u0130stanbul | Hukuk Hizmetleri\" \/>\n<meta property=\"og:description\" content=\"Hakk\u0131m\u0131zda \u00d6zkan Hukuk farkl\u0131 hukuk alanlar\u0131nda uzmanla\u015fm\u0131\u015f bir dan\u0131\u015fman kadrosuna g\u00fc\u00e7l\u00fc bir m\u00fcvekkil a\u011f\u0131na sahiptir Hakk\u0131m\u0131zda \u00d6zkan Hukuk 2010 y\u0131l\u0131nda kurulan \u00d6zkan Hukuk B\u00fcrosu, kurulu\u015fundan bu yana istikrarl\u0131 bir \u015fekilde b\u00fcy\u00fcyerek T\u00fcrkiye&#8217;nin sayg\u0131n hukuk b\u00fcrolar\u0131ndan biri haline gelmi\u015ftir. Bug\u00fcn \u00d6zkan, geni\u015f bir yelpazede hukuk hizmeti sunarken, sorunlar\u0131 en verimli \u015fekilde \u00e7\u00f6zmek i\u00e7in \u00e7al\u0131\u015fma alanlar\u0131na g\u00f6re [&hellip;]\" \/>\n<meta property=\"og:url\" content=\"https:\/\/xn--zkan-4qa.av.tr\/index.php\/hakkimizda\/\" \/>\n<meta property=\"og:site_name\" content=\"\u00d6zkan Hukuk B\u00fcrosu | \u0130stanbul | Hukuk Hizmetleri\" \/>\n<meta property=\"article:modified_time\" content=\"2024-03-04T12:04:02+00:00\" \/>\n<meta name=\"twitter:card\" content=\"summary_large_image\" \/>\n<meta name=\"twitter:label1\" content=\"Tahmini okuma s\u00fcresi\" \/>\n\t<meta name=\"twitter:data1\" content=\"1 dakika\" \/>\n<script type=\"application\/ld+json\" class=\"yoast-schema-graph\">{\"@context\":\"https:\/\/schema.org\",\"@graph\":[{\"@type\":\"WebPage\",\"@id\":\"https:\/\/xn--zkan-4qa.av.tr\/index.php\/hakkimizda\/\",\"url\":\"https:\/\/xn--zkan-4qa.av.tr\/index.php\/hakkimizda\/\",\"name\":\"Hakk\u0131m\u0131zda - \u00d6zkan Hukuk B\u00fcrosu | \u0130stanbul | Hukuk Hizmetleri\",\"isPartOf\":{\"@id\":\"https:\/\/xn--zkan-4qa.av.tr\/#website\"},\"datePublished\":\"2024-03-04T11:45:01+00:00\",\"dateModified\":\"2024-03-04T12:04:02+00:00\",\"breadcrumb\":{\"@id\":\"https:\/\/xn--zkan-4qa.av.tr\/index.php\/hakkimizda\/#breadcrumb\"},\"inLanguage\":\"tr\",\"potentialAction\":[{\"@type\":\"ReadAction\",\"target\":[\"https:\/\/xn--zkan-4qa.av.tr\/index.php\/hakkimizda\/\"]}]},{\"@type\":\"BreadcrumbList\",\"@id\":\"https:\/\/xn--zkan-4qa.av.tr\/index.php\/hakkimizda\/#breadcrumb\",\"itemListElement\":[{\"@type\":\"ListItem\",\"position\":1,\"name\":\"Anasayfa\",\"item\":\"https:\/\/xn--zkan-4qa.av.tr\/\"},{\"@type\":\"ListItem\",\"position\":2,\"name\":\"Hakk\u0131m\u0131zda\"}]},{\"@type\":\"WebSite\",\"@id\":\"https:\/\/xn--zkan-4qa.av.tr\/#website\",\"url\":\"https:\/\/xn--zkan-4qa.av.tr\/\",\"name\":\"\u00d6zkan Hukuk B\u00fcrosu | \u0130stanbul | Hukuk Hizmetleri\",\"description\":\" Hukuki \u00e7\u00f6z\u00fcm s\u00fcre\u00e7lerinizde, profesyonel ekibimiz ile yan\u0131n\u0131zday\u0131z.\",\"potentialAction\":[{\"@type\":\"SearchAction\",\"target\":{\"@type\":\"EntryPoint\",\"urlTemplate\":\"https:\/\/xn--zkan-4qa.av.tr\/?s={search_term_string}\"},\"query-input\":\"required name=search_term_string\"}],\"inLanguage\":\"tr\"}]}<\/script>\n<!-- \/ Yoast SEO plugin. -->","yoast_head_json":{"title":"Hakk\u0131m\u0131zda - \u00d6zkan Hukuk B\u00fcrosu | \u0130stanbul | Hukuk Hizmetleri","robots":{"index":"index","follow":"follow","max-snippet":"max-snippet:-1","max-image-preview":"max-image-preview:large","max-video-preview":"max-video-preview:-1"},"canonical":"https:\/\/xn--zkan-4qa.av.tr\/index.php\/hakkimizda\/","og_locale":"tr_TR","og_type":"article","og_title":"Hakk\u0131m\u0131zda - \u00d6zkan Hukuk B\u00fcrosu | \u0130stanbul | Hukuk Hizmetleri","og_description":"Hakk\u0131m\u0131zda \u00d6zkan Hukuk farkl\u0131 hukuk alanlar\u0131nda uzmanla\u015fm\u0131\u015f bir dan\u0131\u015fman kadrosuna g\u00fc\u00e7l\u00fc bir m\u00fcvekkil a\u011f\u0131na sahiptir Hakk\u0131m\u0131zda \u00d6zkan Hukuk 2010 y\u0131l\u0131nda kurulan \u00d6zkan Hukuk B\u00fcrosu, kurulu\u015fundan bu yana istikrarl\u0131 bir \u015fekilde b\u00fcy\u00fcyerek T\u00fcrkiye&#8217;nin sayg\u0131n hukuk b\u00fcrolar\u0131ndan biri haline gelmi\u015ftir. Bug\u00fcn \u00d6zkan, geni\u015f bir yelpazede hukuk hizmeti sunarken, sorunlar\u0131 en verimli \u015fekilde \u00e7\u00f6zmek i\u00e7in \u00e7al\u0131\u015fma alanlar\u0131na g\u00f6re [&hellip;]","og_url":"https:\/\/xn--zkan-4qa.av.tr\/index.php\/hakkimizda\/","og_site_name":"\u00d6zkan Hukuk B\u00fcrosu | \u0130stanbul | Hukuk Hizmetleri","article_modified_time":"2024-03-04T12:04:02+00:00","twitter_card":"summary_large_image","twitter_misc":{"Tahmini okuma s\u00fcresi":"1 dakika"},"schema":{"@context":"https:\/\/schema.org","@graph":[{"@type":"WebPage","@id":"https:\/\/xn--zkan-4qa.av.tr\/index.php\/hakkimizda\/","url":"https:\/\/xn--zkan-4qa.av.tr\/index.php\/hakkimizda\/","name":"Hakk\u0131m\u0131zda - \u00d6zkan Hukuk B\u00fcrosu | \u0130stanbul | Hukuk Hizmetleri","isPartOf":{"@id":"https:\/\/xn--zkan-4qa.av.tr\/#website"},"datePublished":"2024-03-04T11:45:01+00:00","dateModified":"2024-03-04T12:04:02+00:00","breadcrumb":{"@id":"https:\/\/xn--zkan-4qa.av.tr\/index.php\/hakkimizda\/#breadcrumb"},"inLanguage":"tr","potentialAction":[{"@type":"ReadAction","target":["https:\/\/xn--zkan-4qa.av.tr\/index.php\/hakkimizda\/"]}]},{"@type":"BreadcrumbList","@id":"https:\/\/xn--zkan-4qa.av.tr\/index.php\/hakkimizda\/#breadcrumb","itemListElement":[{"@type":"ListItem","position":1,"name":"Anasayfa","item":"https:\/\/xn--zkan-4qa.av.tr\/"},{"@type":"ListItem","position":2,"name":"Hakk\u0131m\u0131zda"}]},{"@type":"WebSite","@id":"https:\/\/xn--zkan-4qa.av.tr\/#website","url":"https:\/\/xn--zkan-4qa.av.tr\/","name":"\u00d6zkan Hukuk B\u00fcrosu | \u0130stanbul | Hukuk Hizmetleri","description":" Hukuki \u00e7\u00f6z\u00fcm s\u00fcre\u00e7lerinizde, profesyonel ekibimiz ile yan\u0131n\u0131zday\u0131z.","potentialAction":[{"@type":"SearchAction","target":{"@type":"EntryPoint","urlTemplate":"https:\/\/xn--zkan-4qa.av.tr\/?s={search_term_string}"},"query-input":"required name=search_term_string"}],"inLanguage":"tr"}]}},"_links":{"self":[{"href":"https:\/\/xn--zkan-4qa.av.tr\/index.php\/wp-json\/wp\/v2\/pages\/213","targetHints":{"allow":["GET"]}}],"collection":[{"href":"https:\/\/xn--zkan-4qa.av.tr\/index.php\/wp-json\/wp\/v2\/pages"}],"about":[{"href":"https:\/\/xn--zkan-4qa.av.tr\/index.php\/wp-json\/wp\/v2\/types\/page"}],"author":[{"embeddable":true,"href":"https:\/\/xn--zkan-4qa.av.tr\/index.php\/wp-json\/wp\/v2\/users\/1"}],"replies":[{"embeddable":true,"href":"https:\/\/xn--zkan-4qa.av.tr\/index.php\/wp-json\/wp\/v2\/comments?post=213"}],"version-history":[{"count":20,"href":"https:\/\/xn--zkan-4qa.av.tr\/index.php\/wp-json\/wp\/v2\/pages\/213\/revisions"}],"predecessor-version":[{"id":235,"href":"https:\/\/xn--zkan-4qa.av.tr\/index.php\/wp-json\/wp\/v2\/pages\/213\/revisions\/235"}],"wp:attachment":[{"href":"https:\/\/xn--zkan-4qa.av.tr\/index.php\/wp-json\/wp\/v2\/media?parent=213"}],"curies":[{"name":"wp","href":"https:\/\/api.w.org\/{rel}","templated":true}]}}